{"id":1015,"date":"2020-12-17T08:23:39","date_gmt":"2020-12-17T08:23:39","guid":{"rendered":"https:\/\/ubb.in\/goodtransaction\/fr\/?page_id=1015"},"modified":"2021-04-22T15:43:10","modified_gmt":"2021-04-22T15:43:10","slug":"don-sur-paiement-en-ligne","status":"publish","type":"page","link":"https:\/\/goodtransaction.net\/fr\/don-sur-paiement-en-ligne\/","title":{"rendered":"Don sur paiement en ligne"},"content":{"rendered":"\t<section class=\"section\" id=\"section_714092151\">\n\t\t<div class=\"bg section-bg fill bg-fill  bg-loaded\" >\n\n\t\t\t\n\t\t\t\n\t\t\t\n\n\t\t<\/div>\n\n\t\t\n\n\t\t<div class=\"section-content relative\">\n\t\t\t\n\n  <div class=\"banner has-hover has-parallax\" id=\"banner-717135981\">\n          <div class=\"banner-inner fill\">\n        <div class=\"banner-bg fill\" data-parallax=\"-4\" data-parallax-container=\".banner\" data-parallax-background>\n            <div class=\"bg fill bg-fill \"><\/div>\n                                    \n                    <\/div>\n\t\t\n        <div class=\"banner-layers container\">\n            <div class=\"fill banner-link\"><\/div>            \n        <\/div>\n      <\/div>\n\n            \n<style>\n#banner-717135981 {\n  padding-top: 20%;\n}\n#banner-717135981 .bg.bg-loaded {\n  background-image: url(https:\/\/goodtransaction.net\/fr\/wp-content\/uploads\/sites\/3\/2020\/10\/banner-how-it-work-1024x400.jpg);\n}\n#banner-717135981 .ux-shape-divider--top svg {\n  height: 150px;\n  --divider-top-width: 100%;\n}\n#banner-717135981 .ux-shape-divider--bottom svg {\n  height: 150px;\n  --divider-width: 100%;\n}\n<\/style>\n  <\/div>\n\n\n\t\t<\/div>\n\n\t\t\n<style>\n#section_714092151 {\n  padding-top: 0px;\n  padding-bottom: 0px;\n}\n#section_714092151 .ux-shape-divider--top svg {\n  height: 150px;\n  --divider-top-width: 100%;\n}\n#section_714092151 .ux-shape-divider--bottom svg {\n  height: 150px;\n  --divider-width: 100%;\n}\n<\/style>\n\t<\/section>\n\t\n\t<section class=\"section paiement-section\" id=\"section_298269004\">\n\t\t<div class=\"bg section-bg fill bg-fill  bg-loaded\" >\n\n\t\t\t\n\t\t\t\n\t\t\t\n\n\t\t<\/div>\n\n\t\t\n\n\t\t<div class=\"section-content relative\">\n\t\t\t\n<div class=\"row\"  id=\"row-1285439716\">\n\n\t<div id=\"col-805727580\" class=\"col small-12 large-12\"  >\n\t\t\t\t<div class=\"col-inner\"  >\n\t\t\t\n\t\t\t\n<h3 class=\"uppercase\" style=\"text-align: center\"><span data-text-color=\"primary\">Un petit don facile et rapide effectu\u00e9 en ligne lors d\u2019un achat<\/span><\/h3>\n\t\t<\/div>\n\t\t\t\t\t<\/div>\n\n\t\n\n\t<div id=\"col-1646138249\" class=\"col paiement-text-col medium-5 small-12 large-5\"  >\n\t\t\t\t<div class=\"col-inner text-left\"  >\n\t\t\t\n\t\t\t\n\t<div id=\"text-2858043875\" class=\"text achat-text\">\n\t\t\n<div class=\"arrow-bullet\">\n<ul>\n<li>Un don accessible et innovant, sans impact sur le processus habituel d\u2019achat.<\/li>\n<li>L\u2019invitation au don appara\u00eet apr\u00e8s le paiement du panier.<\/li>\n<li>Le client peut accepter ou refuser le don.<\/li>\n<li>Le client n\u2019a pas besoin d\u2019entrer ses donn\u00e9es de carte bancaire \u00e0 nouveau<\/li>\n<\/ul>\n<\/div>\n\t\t\t<\/div>\n\t\n\t\t<\/div>\n\t\t\t\t\t<\/div>\n\n\t\n\n\t<div id=\"col-312319449\" class=\"col paiement-img-col medium-7 small-12 large-7\"  >\n\t\t\t\t<div class=\"col-inner text-center\" style=\"max-width:100%;\" >\n\t\t\t\n\t\t\t\n\t<div class=\"img has-hover x md-x lg-x y md-y lg-y\" id=\"image_712391454\">\n\t\t\t\t\t\t\t\t<div class=\"img-inner dark\" >\n\t\t\t<img loading=\"lazy\" decoding=\"async\" width=\"500\" height=\"300\" src=\"https:\/\/goodtransaction.net\/fr\/wp-content\/uploads\/sites\/3\/2020\/12\/modified-image-don-sur-image.jpg\" class=\"attachment-large size-large\" alt=\"Commerce g\u00e9n\u00e9reux ; Marketing g\u00e9n\u00e9reux ; Financement innovant ; Don rapide ; Petit don ; Donner facilement \u00e0 une association ; Don facile ; TPE ; Terminal de paiement ; Don innovant ; Don digital ; Don lors d&#039;un achat ; Don sur TPE ; Faire un don ; Financement d&#039;une association ; Tra\u00e7abilit\u00e9 des dons ; Gestion des dons ; Associations ; Don s\u00e9curis\u00e9 ; Collecte de dons s\u00e9curis\u00e9s ; Don en ligne ; Solutions de collecte dons ; Don sur terminal de paiement ; Collecte de dons ; microdon ; Faire un don ; Don \u00e0 la caisse\" srcset=\"https:\/\/goodtransaction.net\/fr\/wp-content\/uploads\/sites\/3\/2020\/12\/modified-image-don-sur-image.jpg 500w, https:\/\/goodtransaction.net\/fr\/wp-content\/uploads\/sites\/3\/2020\/12\/modified-image-don-sur-image-300x180.jpg 300w\" sizes=\"auto, (max-width: 500px) 100vw, 500px\" \/>\t\t\t\t\t\t\n\t\t\t\t\t<\/div>\n\t\t\t\t\t\t\t\t\n<style>\n#image_712391454 {\n  width: 100%;\n}\n<\/style>\n\t<\/div>\n\t\n\t\t<\/div>\n\t\t\t\t\n<style>\n#col-312319449 > .col-inner {\n  padding: 0 0px 0px 0px;\n  margin: 0 0px 0px 0px;\n}\n<\/style>\n\t<\/div>\n\n\t\n\n\t<div id=\"col-1068777319\" class=\"col small-12 large-12\"  >\n\t\t\t\t<div class=\"col-inner\"  >\n\t\t\t\n\t\t\t\n<div class=\"is-divider divider clearfix\" style=\"max-width:100%;background-color:rgb(68, 96, 132);\"><\/div>\n\t\t<\/div>\n\t\t\t\t\t<\/div>\n\n\t\n\n\t<div id=\"col-809396129\" class=\"col small-12 large-12\"  >\n\t\t\t\t<div class=\"col-inner\"  >\n\t\t\t\n\t\t\t\n<h4 class=\"uppercase\" style=\"text-align: center\"><span data-text-color=\"primary\">Avantages <\/span><\/h4>\n\t\t<\/div>\n\t\t\t\t\t<\/div>\n\n\t\n\n\t<div id=\"col-1749579830\" class=\"col advantage-col paiement-text-col medium-5 small-12 large-5\"  >\n\t\t\t\t<div class=\"col-inner\"  >\n\t\t\t\n\t\t\t\n\t<div id=\"text-3002034974\" class=\"text avantages-text\">\n\t\t\n<div class=\"arrow-bullet advantage-bul\">\n<ul>\n<li>Recruter une nouvelle cible de donateurs, plus jeunes<\/li>\n<li>Collecter plus de dons, avec une solution facile et accessible pour tous<\/li>\n<li>Une solution totalement s\u00e9curis\u00e9e, tous les dons sont tra\u00e7ables<\/li>\n<\/ul>\n<\/div>\n\t\t\t<\/div>\n\t\n\t\t<\/div>\n\t\t\t\t\t<\/div>\n\n\t\n\n\t<div id=\"col-1579616930\" class=\"col paiement-img-col medium-7 small-12 large-7\"  >\n\t\t\t\t<div class=\"col-inner\"  >\n\t\t\t\n\t\t\t\n\t<div class=\"img has-hover x md-x lg-x y md-y lg-y\" id=\"image_1349823837\">\n\t\t\t\t\t\t\t\t<div class=\"img-inner dark\" >\n\t\t\t<img loading=\"lazy\" decoding=\"async\" width=\"500\" height=\"300\" src=\"https:\/\/goodtransaction.net\/fr\/wp-content\/uploads\/sites\/3\/2021\/01\/modified-image-don-sur-image-1.jpg\" class=\"attachment-large size-large\" alt=\"Commerce g\u00e9n\u00e9reux ; Marketing g\u00e9n\u00e9reux ; Financement innovant ; Don rapide ; Petit don ; Donner facilement \u00e0 une association ; Don facile ; TPE ; Terminal de paiement ; Don innovant ; Don digital ; Don lors d&#039;un achat ; Don sur TPE ; Faire un don ; Financement d&#039;une association ; Tra\u00e7abilit\u00e9 des dons ; Gestion des dons ; Associations ; Don s\u00e9curis\u00e9 ; Collecte de dons s\u00e9curis\u00e9s ; Don en ligne ; Solutions de collecte dons ; Don sur terminal de paiement ; Collecte de dons ; microdon ; Faire un don ; Don \u00e0 la caisse\" srcset=\"https:\/\/goodtransaction.net\/fr\/wp-content\/uploads\/sites\/3\/2021\/01\/modified-image-don-sur-image-1.jpg 500w, https:\/\/goodtransaction.net\/fr\/wp-content\/uploads\/sites\/3\/2021\/01\/modified-image-don-sur-image-1-300x180.jpg 300w\" sizes=\"auto, (max-width: 500px) 100vw, 500px\" \/>\t\t\t\t\t\t\n\t\t\t\t\t<\/div>\n\t\t\t\t\t\t\t\t\n<style>\n#image_1349823837 {\n  width: 100%;\n}\n<\/style>\n\t<\/div>\n\t\n\t\t<\/div>\n\t\t\t\t\t<\/div>\n\n\t\n<\/div>\n\t<div id=\"text-1956151240\" class=\"text hidden\">\n\t\t\n<p>Commerce g\u00e9n\u00e9reux ; Marketing g\u00e9n\u00e9reux ; Financement innovant ; Don rapide ; Petit don ; Donner facilement \u00e0 une association ; Don facile ; TPE ; Terminal de paiement ; Don innovant ; Don digital ; Don lors d&rsquo;un achat ; Don sur TPE ; Faire un don ; Financement d&rsquo;une association ; Tra\u00e7abilit\u00e9 des dons ; Gestion des dons ; Associations ; Don s\u00e9curis\u00e9 ; Collecte de dons s\u00e9curis\u00e9s ; Don en ligne ; Solutions de collecte dons ; Don sur terminal de paiement ; Collecte de dons ; microdon ; Faire un don ; Don \u00e0 la caisse<\/p>\n\t\t\t<\/div>\n\t\n\t\t<\/div>\n\n\t\t\n<style>\n#section_298269004 {\n  padding-top: 30px;\n  padding-bottom: 30px;\n}\n#section_298269004 .ux-shape-divider--top svg {\n  height: 150px;\n  --divider-top-width: 100%;\n}\n#section_298269004 .ux-shape-divider--bottom svg {\n  height: 150px;\n  --divider-width: 100%;\n}\n<\/style>\n\t<\/section>\n\t\n\n\t<section class=\"section dark\" id=\"section_1776464803\">\n\t\t<div class=\"bg section-bg fill bg-fill  bg-loaded\" >\n\n\t\t\t\n\t\t\t\n\t\t\t\n\n\t\t<\/div>\n\n\t\t\n\n\t\t<div class=\"section-content relative\">\n\t\t\t\n<div class=\"row\"  id=\"row-1378317506\">\n\n\t<div id=\"col-1995378003\" class=\"col small-12 large-12\"  >\n\t\t\t\t<div class=\"col-inner text-center\"  >\n\t\t\t\n\t\t\t\n\t<div id=\"gap-797615586\" class=\"gap-element clearfix\" style=\"display:block; height:auto;\">\n\t\t\n<style>\n#gap-797615586 {\n  padding-top: 30px;\n}\n<\/style>\n\t<\/div>\n\t\n<a href=\"#home-form\" target=\"_self\" class=\"button white is-outline\"  >\n    <span>Contacter Heoh !<\/span>\n  <\/a>\n\n\t\t<\/div>\n\t\t\t\t\t<\/div>\n\n\t\n<\/div>\n\t\t<\/div>\n\n\t\t\n<style>\n#section_1776464803 {\n  padding-top: 30px;\n  padding-bottom: 30px;\n  background-color: rgb(237, 129, 68);\n}\n#section_1776464803 .ux-shape-divider--top svg {\n  height: 150px;\n  --divider-top-width: 100%;\n}\n#section_1776464803 .ux-shape-divider--bottom svg {\n  height: 150px;\n  --divider-width: 100%;\n}\n<\/style>\n\t<\/section>\n\t\n","protected":false},"excerpt":{"rendered":"","protected":false},"author":1,"featured_media":0,"parent":0,"menu_order":0,"comment_status":"closed","ping_status":"closed","template":"page-blank.php","meta":{"footnotes":""},"class_list":["post-1015","page","type-page","status-publish","hentry"],"_links":{"self":[{"href":"https:\/\/goodtransaction.net\/fr\/wp-json\/wp\/v2\/pages\/1015","targetHints":{"allow":["GET"]}}],"collection":[{"href":"https:\/\/goodtransaction.net\/fr\/wp-json\/wp\/v2\/pages"}],"about":[{"href":"https:\/\/goodtransaction.net\/fr\/wp-json\/wp\/v2\/types\/page"}],"author":[{"embeddable":true,"href":"https:\/\/goodtransaction.net\/fr\/wp-json\/wp\/v2\/users\/1"}],"replies":[{"embeddable":true,"href":"https:\/\/goodtransaction.net\/fr\/wp-json\/wp\/v2\/comments?post=1015"}],"version-history":[{"count":0,"href":"https:\/\/goodtransaction.net\/fr\/wp-json\/wp\/v2\/pages\/1015\/revisions"}],"wp:attachment":[{"href":"https:\/\/goodtransaction.net\/fr\/wp-json\/wp\/v2\/media?parent=1015"}],"curies":[{"name":"wp","href":"https:\/\/api.w.org\/{rel}","templated":true}]}}